{"id":11154,"date":"2019-07-25T13:05:44","date_gmt":"2019-07-25T11:05:44","guid":{"rendered":"https:\/\/slovakiamartin.sk\/slovakia-martin\/"},"modified":"2024-01-30T10:49:15","modified_gmt":"2024-01-30T09:49:15","slug":"slovakia-martin","status":"publish","type":"page","link":"https:\/\/slovakiamartin.sk\/en\/","title":{"rendered":"Slovakia Martin"},"content":{"rendered":"<div class=\"wpb-content-wrapper\"><p>[vc_row css=&#8221;.vc_custom_1563802617280{margin-bottom: 8vh !important;}&#8221; mobile_bg_img_hidden=&#8221;no&#8221; tablet_bg_img_hidden=&#8221;no&#8221; woodmart_parallax=&#8221;0&#8243; woodmart_gradient_switch=&#8221;no&#8221; row_reverse_mobile=&#8221;0&#8243; row_reverse_tablet=&#8221;0&#8243; woodmart_disable_overflow=&#8221;0&#8243;][vc_column css=&#8221;.vc_custom_1563802622828{padding-top: 0px !important;}&#8221; mobile_bg_img_hidden=&#8221;no&#8221; tablet_bg_img_hidden=&#8221;no&#8221; woodmart_parallax=&#8221;0&#8243; woodmart_sticky_column=&#8221;false&#8221; parallax_scroll=&#8221;no&#8221; mobile_reset_margin=&#8221;no&#8221; tablet_reset_margin=&#8221;no&#8221;]\n\t\t\t<!-- START Slider 3 REVOLUTION SLIDER 6.7.34 --><p class=\"rs-p-wp-fix\"><\/p>\n\t\t\t<rs-module-wrap id=\"rev_slider_45_1_wrapper\" data-source=\"gallery\" style=\"visibility:hidden;background:transparent;padding:0;margin:0px auto;margin-top:0;margin-bottom:0;\">\n\t\t\t\t<rs-module id=\"rev_slider_45_1\" style=\"\" data-version=\"6.7.34\">\n\t\t\t\t\t<rs-slides style=\"overflow: hidden; position: absolute;\">\n\t\t\t\t\t\t<rs-slide style=\"position: absolute;\" data-key=\"rs-108\" data-title=\"Slide\" data-duration=\"4500ms\" data-anim=\"adpr:false;\" data-in=\"o:0;\" data-out=\"a:false;\">\n\t\t\t\t\t\t\t<img decoding=\"async\" src=\"\/\/slovakiamartin.sk\/wp-content\/plugins\/revslider\/sr6\/assets\/assets\/dummy.png\" alt=\"Slide\" title=\"Slovakia Martin\" class=\"rev-slidebg tp-rs-img rs-lazyload\" data-lazyload=\"\/\/slovakiamartin.sk\/wp-content\/plugins\/revslider\/sr6\/assets\/assets\/transparent.png\" data-no-retina>\n<!--\n\t\t\t\t\t\t\t--><rs-layer\n\t\t\t\t\t\t\t\tid=\"slider-45-slide-108-layer-0\" \n\t\t\t\t\t\t\t\tdata-type=\"image\"\n\t\t\t\t\t\t\t\tdata-rsp_ch=\"on\"\n\t\t\t\t\t\t\t\tdata-xy=\"yo:0,0,0,-23px;\"\n\t\t\t\t\t\t\t\tdata-text=\"w:normal;s:20,20,20,7;l:0,0,0,9;\"\n\t\t\t\t\t\t\t\tdata-dim=\"w:[&#039;100%&#039;,&#039;100%&#039;,&#039;100%&#039;,&#039;100%&#039;];h:[&#039;100%&#039;,&#039;100%&#039;,&#039;100%&#039;,&#039;100%&#039;];\"\n\t\t\t\t\t\t\t\tdata-basealign=\"slide\"\n\t\t\t\t\t\t\t\tdata-frame_999=\"o:0;st:w;sR:4200;\"\n\t\t\t\t\t\t\t\tstyle=\"z-index:5;\"\n\t\t\t\t\t\t\t><img decoding=\"async\" src=\"\/\/slovakiamartin.sk\/wp-content\/plugins\/revslider\/sr6\/assets\/assets\/dummy.png\" alt=\"\" class=\"tp-rs-img rs-lazyload\" width=\"2333\" height=\"1555\" data-lazyload=\"\/\/slovakiamartin.sk\/wp-content\/uploads\/2023\/04\/Bez-nazvu-\u2013-11.jpg\" data-c=\"cover-proportional\" data-no-retina> \n\t\t\t\t\t\t\t<\/rs-layer><!--\n\n\t\t\t\t\t\t\t--><rs-layer\n\t\t\t\t\t\t\t\tid=\"slider-45-slide-108-layer-3\" \n\t\t\t\t\t\t\t\tdata-type=\"text\"\n\t\t\t\t\t\t\t\tdata-color=\"#fff\"\n\t\t\t\t\t\t\t\tdata-tsh=\"c:rgba(0,0,0,0.75);h:7px,7px,7px,1px;v:7px,7px,7px,1px;b:10px,10px,10px,3px;\"\n\t\t\t\t\t\t\t\tdata-rsp_ch=\"on\"\n\t\t\t\t\t\t\t\tdata-xy=\"x:l,l,l,c;xo:75px,75px,75px,0;yo:355px,355px,355px,273px;\"\n\t\t\t\t\t\t\t\tdata-text=\"w:normal;s:80,80,80,75;l:90,90,90,85;fw:200;\"\n\t\t\t\t\t\t\t\tdata-dim=\"minh:0px,0px,0px,none;\"\n\t\t\t\t\t\t\t\tdata-frame_0=\"x:0,0,0,0px;y:0,0,0,0px;o:1;\"\n\t\t\t\t\t\t\t\tdata-frame_0_chars=\"d:5;x:105%;y:0,0,0,0px;o:1;rY:45deg;rZ:90deg;\"\n\t\t\t\t\t\t\t\tdata-frame_0_mask=\"u:t;x:0,0,0,0px;y:0,0,0,0px;\"\n\t\t\t\t\t\t\t\tdata-frame_1=\"x:0,0,0,0px;y:0,0,0,0px;sp:1200;\"\n\t\t\t\t\t\t\t\tdata-frame_1_chars=\"e:power4.inOut;d:10;x:0,0,0,0px;y:0,0,0,0px;rZ:0deg;\"\n\t\t\t\t\t\t\t\tdata-frame_1_mask=\"u:t;x:0,0,0,0px;y:0,0,0,0px;\"\n\t\t\t\t\t\t\t\tdata-frame_999=\"o:0;st:w;sR:2500;\"\n\t\t\t\t\t\t\t\tstyle=\"z-index:6;font-family:'Montserrat';\"\n\t\t\t\t\t\t\t>SLOVAKIA \n\t\t\t\t\t\t\t<\/rs-layer><!--\n\n\t\t\t\t\t\t\t--><rs-layer\n\t\t\t\t\t\t\t\tid=\"slider-45-slide-108-layer-4\" \n\t\t\t\t\t\t\t\tdata-type=\"text\"\n\t\t\t\t\t\t\t\tdata-color=\"#fff\"\n\t\t\t\t\t\t\t\tdata-bsh=\"c:rgba(0,0,0,0.15);h:8px,8px,8px,3px;v:8px,8px,8px,3px;b:17px,17px,17px,10px;\"\n\t\t\t\t\t\t\t\tdata-tsh=\"c:rgba(0,0,0,0.75);h:7px,7px,7px,1px;v:7px,7px,7px,1px;b:10px,10px,10px,3px;\"\n\t\t\t\t\t\t\t\tdata-rsp_ch=\"on\"\n\t\t\t\t\t\t\t\tdata-xy=\"x:l,l,l,c;xo:436px,436px,436px,0;yo:630px,630px,630px,488px;\"\n\t\t\t\t\t\t\t\tdata-text=\"w:normal,normal,normal,nowrap;s:54,54,54,35;l:61,61,61,38;ls:2,2,2,0;\"\n\t\t\t\t\t\t\t\tdata-dim=\"w:auto,auto,auto,348px;minh:0,0,0,none;\"\n\t\t\t\t\t\t\t\tdata-frame_0=\"x:0,0,0,0px;y:0,0,0,0px;o:1;\"\n\t\t\t\t\t\t\t\tdata-frame_0_chars=\"d:5;x:105%;y:0,0,0,0px;o:1;rY:45deg;rZ:90deg;\"\n\t\t\t\t\t\t\t\tdata-frame_0_mask=\"u:t;x:0,0,0,0px;y:0,0,0,0px;\"\n\t\t\t\t\t\t\t\tdata-frame_1=\"x:0,0,0,0px;y:0,0,0,0px;st:740;sp:1200;\"\n\t\t\t\t\t\t\t\tdata-frame_1_chars=\"e:power4.inOut;d:10;x:0,0,0,0px;y:0,0,0,0px;rZ:0deg;\"\n\t\t\t\t\t\t\t\tdata-frame_1_mask=\"u:t;x:0,0,0,0px;y:0,0,0,0px;\"\n\t\t\t\t\t\t\t\tdata-frame_999=\"o:0;st:w;sR:1460;\"\n\t\t\t\t\t\t\t\tstyle=\"z-index:8;font-family:'Satisfy';\"\n\t\t\t\t\t\t\t>Slovensk\u00e9 jedl\u00e1 a \u0161peciality \n\t\t\t\t\t\t\t<\/rs-layer><!--\n\n\t\t\t\t\t\t\t--><rs-layer\n\t\t\t\t\t\t\t\tid=\"slider-45-slide-108-layer-6\" \n\t\t\t\t\t\t\t\tdata-type=\"text\"\n\t\t\t\t\t\t\t\tdata-tsh=\"c:rgba(0,0,0,0.75);h:7px,7px,7px,1px;v:7px,7px,7px,1px;b:10px,10px,10px,3px;\"\n\t\t\t\t\t\t\t\tdata-rsp_ch=\"on\"\n\t\t\t\t\t\t\t\tdata-xy=\"x:l,l,l,c;xo:321px,321px,321px,0;yo:451px,451px,451px,390px;\"\n\t\t\t\t\t\t\t\tdata-text=\"w:normal;s:40,40,40,42;l:50,50,50,53;\"\n\t\t\t\t\t\t\t\tdata-dim=\"minh:0px,0px,0px,none;\"\n\t\t\t\t\t\t\t\tdata-frame_0=\"x:0,0,0,0px;y:0,0,0,0px;o:1;\"\n\t\t\t\t\t\t\t\tdata-frame_0_chars=\"d:5;x:0,0,0,0px;y:100%;o:0;rZ:-35deg;\"\n\t\t\t\t\t\t\t\tdata-frame_0_mask=\"u:t;x:0,0,0,0px;y:0,0,0,0px;\"\n\t\t\t\t\t\t\t\tdata-frame_1=\"x:0,0,0,0px;y:0,0,0,0px;sp:1200;\"\n\t\t\t\t\t\t\t\tdata-frame_1_chars=\"e:power4.inOut;d:10;x:0,0,0,0px;y:0,0,0,0px;rZ:0deg;\"\n\t\t\t\t\t\t\t\tdata-frame_1_mask=\"u:t;x:0,0,0,0px;y:0,0,0,0px;\"\n\t\t\t\t\t\t\t\tdata-frame_999=\"o:0;st:w;sR:1700;\"\n\t\t\t\t\t\t\t\tstyle=\"z-index:7;font-family:'Arial';\"\n\t\t\t\t\t\t\t>Restaurant & Pizza \n\t\t\t\t\t\t\t<\/rs-layer><!--\n-->\t\t\t\t\t<\/rs-slide>\n\t\t\t\t\t\t<rs-slide style=\"position: absolute;\" data-key=\"rs-110\" data-title=\"Slide\" data-duration=\"4500ms\" data-in=\"o:0;\" data-out=\"a:false;\">\n\t\t\t\t\t\t\t<img decoding=\"async\" src=\"\/\/slovakiamartin.sk\/wp-content\/plugins\/revslider\/sr6\/assets\/assets\/dummy.png\" alt=\"Slide\" title=\"Slovakia Martin\" class=\"rev-slidebg tp-rs-img rs-lazyload\" data-lazyload=\"\/\/slovakiamartin.sk\/wp-content\/plugins\/revslider\/sr6\/assets\/assets\/transparent.png\" data-no-retina>\n<!--\n\t\t\t\t\t\t\t--><rs-layer\n\t\t\t\t\t\t\t\tid=\"slider-45-slide-110-layer-2\" \n\t\t\t\t\t\t\t\tdata-type=\"image\"\n\t\t\t\t\t\t\t\tdata-rsp_ch=\"on\"\n\t\t\t\t\t\t\t\tdata-xy=\"xo:0,0,0,-251px;yo:0,0,0,-2px;\"\n\t\t\t\t\t\t\t\tdata-text=\"w:normal;s:20,20,20,7;l:0,0,0,9;\"\n\t\t\t\t\t\t\t\tdata-dim=\"w:[&#039;100%&#039;,&#039;100%&#039;,&#039;100%&#039;,&#039;100%&#039;];h:[&#039;100%&#039;,&#039;100%&#039;,&#039;100%&#039;,&#039;100%&#039;];\"\n\t\t\t\t\t\t\t\tdata-basealign=\"slide\"\n\t\t\t\t\t\t\t\tdata-frame_999=\"o:0;st:w;sR:8700;\"\n\t\t\t\t\t\t\t\tstyle=\"z-index:8;\"\n\t\t\t\t\t\t\t><img decoding=\"async\" src=\"\/\/slovakiamartin.sk\/wp-content\/plugins\/revslider\/sr6\/assets\/assets\/dummy.png\" alt=\"\" class=\"tp-rs-img rs-lazyload\" width=\"2333\" height=\"1555\" data-lazyload=\"\/\/slovakiamartin.sk\/wp-content\/uploads\/2023\/04\/Bez-nazvu-\u2013-111.jpg\" data-c=\"cover-proportional\" data-no-retina> \n\t\t\t\t\t\t\t<\/rs-layer><!--\n\n\t\t\t\t\t\t\t--><rs-layer\n\t\t\t\t\t\t\t\tid=\"slider-45-slide-110-layer-11\" \n\t\t\t\t\t\t\t\tdata-type=\"text\"\n\t\t\t\t\t\t\t\tdata-color=\"#fff\"\n\t\t\t\t\t\t\t\tdata-tsh=\"c:rgba(0,0,0,0.75);h:7px,7px,7px,1px;v:7px,7px,7px,1px;b:10px,10px,10px,3px;\"\n\t\t\t\t\t\t\t\tdata-rsp_ch=\"on\"\n\t\t\t\t\t\t\t\tdata-xy=\"xo:61px,61px,61px,14px;yo:345px,345px,345px,273px;\"\n\t\t\t\t\t\t\t\tdata-text=\"w:normal;s:40,40,40,26;l:50,50,50,33;fw:900;\"\n\t\t\t\t\t\t\t\tdata-dim=\"minh:0px,0px,0px,none;\"\n\t\t\t\t\t\t\t\tdata-frame_0=\"x:left;y:0,0,0,0px;skX:85;\"\n\t\t\t\t\t\t\t\tdata-frame_1=\"x:0,0,0,0px;y:0,0,0,0px;st:1150;sp:1000;sR:1150;\"\n\t\t\t\t\t\t\t\tdata-frame_999=\"o:0;st:w;sR:6850;\"\n\t\t\t\t\t\t\t\tstyle=\"z-index:9;font-family:'Roboto';text-transform:uppercase;\"\n\t\t\t\t\t\t\t>Rozvoz pizze, jed\u00e1l, denn\u00e9ho menu... \n\t\t\t\t\t\t\t<\/rs-layer><!--\n\n\t\t\t\t\t\t\t--><rs-layer\n\t\t\t\t\t\t\t\tid=\"slider-45-slide-110-layer-12\" \n\t\t\t\t\t\t\t\tdata-type=\"text\"\n\t\t\t\t\t\t\t\tdata-color=\"#fff\"\n\t\t\t\t\t\t\t\tdata-tsh=\"c:rgba(0,0,0,0.75);h:7px,7px,7px,1px;v:7px,7px,7px,1px;b:10px,10px,10px,3px;\"\n\t\t\t\t\t\t\t\tdata-rsp_ch=\"on\"\n\t\t\t\t\t\t\t\tdata-xy=\"xo:356px,356px,356px,15px;yo:484px,484px,484px,473px;\"\n\t\t\t\t\t\t\t\tdata-text=\"w:normal;s:40,40,40,28;l:50,50,50,36;fw:900;\"\n\t\t\t\t\t\t\t\tdata-dim=\"w:auto,auto,auto,454px;minh:0px,0px,0px,none;\"\n\t\t\t\t\t\t\t\tdata-frame_0=\"x:100%;y:0,0,0,0px;skX:-45;\"\n\t\t\t\t\t\t\t\tdata-frame_1=\"x:0,0,0,0px;y:0,0,0,0px;st:460;sp:1000;sR:460;\"\n\t\t\t\t\t\t\t\tdata-frame_999=\"o:0;st:w;sR:7540;\"\n\t\t\t\t\t\t\t\tstyle=\"z-index:10;font-family:'Roboto';text-transform:uppercase;\"\n\t\t\t\t\t\t\t>Organizovanie spolo\u010densk\u00fdch akci\u00ed... \n\t\t\t\t\t\t\t<\/rs-layer><!--\n-->\t\t\t\t\t<\/rs-slide>\n\t\t\t\t\t<\/rs-slides>\n\t\t\t\t<\/rs-module>\n\t\t\t\t<script>\n\t\t\t\t\tsetREVStartSize({c: 'rev_slider_45_1',rl:[1240,1240,1240,480],el:[900,900,900,720],gw:[1240,1240,1240,480],gh:[900,900,900,720],type:'standard',justify:'',layout:'fullwidth',mh:\"0\"});if (window.RS_MODULES!==undefined && window.RS_MODULES.modules!==undefined && window.RS_MODULES.modules[\"revslider451\"]!==undefined) {window.RS_MODULES.modules[\"revslider451\"].once = false;window.revapi45 = undefined;if (window.RS_MODULES.checkMinimal!==undefined) window.RS_MODULES.checkMinimal()}\n\t\t\t\t<\/script>\n\t\t\t<\/rs-module-wrap>\n\t\t\t<!-- END REVOLUTION SLIDER -->\n[\/vc_column][\/vc_row][vc_row woodmart_css_id=&#8221;644149cc14495&#8243; responsive_spacing=&#8221;eyJwYXJhbV90eXBlIjoid29vZG1hcnRfcmVzcG9uc2l2ZV9zcGFjaW5nIiwic2VsZWN0b3JfaWQiOiI2NDQxNDljYzE0NDk1Iiwic2hvcnRjb2RlIjoidmNfcm93IiwiZGF0YSI6eyJ0YWJsZXQiOnt9LCJtb2JpbGUiOnt9fX0=&#8221; mobile_bg_img_hidden=&#8221;no&#8221; tablet_bg_img_hidden=&#8221;no&#8221; woodmart_parallax=&#8221;0&#8243; woodmart_gradient_switch=&#8221;no&#8221; woodmart_box_shadow=&#8221;no&#8221; wd_z_index=&#8221;no&#8221; woodmart_disable_overflow=&#8221;0&#8243; row_reverse_mobile=&#8221;0&#8243; row_reverse_tablet=&#8221;0&#8243;][vc_column]\t\t\t\t<div class=\"wd-cats-element wd-rs-644149db9fbea wd-wpb\">\n\t\t\t\t\t<div class=\"products  wd-grid-g wd-cats elements-grid columns-6\" style=\"--wd-col-lg:6;--wd-col-md:4;--wd-col-sm:2;--wd-gap-lg:30px;--wd-gap-sm:10px;\">\n\t\t\t\t\t\n<div class=\"wd-col category-grid-item wd-cat cat-design-center without-product-count wd-with-subcat product-category product first\" data-loop=\"1\">\n\t\n\t<div class=\"wd-cat-inner wrapp-category\">\n\t\t<div class=\"wd-cat-thumb category-image-wrapp\">\n\t\t\t<a class=\"wd-cat-image category-image\" href=\"https:\/\/slovakiamartin.sk\/en\/product-category\/something-from-slovak-cuisine\/\" aria-label=\"Something from Slovak cuisine\">\n\t\t\t\t\n\t\t\t\t<img loading=\"lazy\" decoding=\"async\" src=\"https:\/\/slovakiamartin.sk\/wp-content\/uploads\/2023\/04\/slovakia.png\" width=\"600\" height=\"600\" class=\"woocommerce-placeholder wp-post-image\" alt=\"Placeholder\" \/>\t\t\t<\/a>\n\t\t<\/div>\n\t\t<div class=\"wd-cat-content hover-mask\">\n\t\t\t<h3 class=\"wd-entities-title\">\n\t\t\t\tSomething from Slovak cuisine\t\t\t<\/h3>\n\n\t\t\t\n\t\t\t\t\t<\/div>\n\n\t\t\t\t<a class=\"wd-fill category-link\" href=\"https:\/\/slovakiamartin.sk\/en\/product-category\/something-from-slovak-cuisine\/\" aria-label=\"Product category something-from-slovak-cuisine\"><\/a>\n\t\t\t<\/div>\n\n\t<\/div>\n\n<div class=\"wd-col category-grid-item wd-cat cat-design-center without-product-count wd-with-subcat product-category product\" data-loop=\"2\">\n\t\n\t<div class=\"wd-cat-inner wrapp-category\">\n\t\t<div class=\"wd-cat-thumb category-image-wrapp\">\n\t\t\t<a class=\"wd-cat-image category-image\" href=\"https:\/\/slovakiamartin.sk\/en\/product-category\/grandmas-kitchen\/\" aria-label=\"Grandma&#039;s kitchen\">\n\t\t\t\t\n\t\t\t\t<img loading=\"lazy\" decoding=\"async\" src=\"https:\/\/slovakiamartin.sk\/wp-content\/uploads\/2023\/04\/slovakia.png\" width=\"600\" height=\"600\" class=\"woocommerce-placeholder wp-post-image\" alt=\"Placeholder\" \/>\t\t\t<\/a>\n\t\t<\/div>\n\t\t<div class=\"wd-cat-content hover-mask\">\n\t\t\t<h3 class=\"wd-entities-title\">\n\t\t\t\tGrandma&#039;s kitchen\t\t\t<\/h3>\n\n\t\t\t\n\t\t\t\t\t<\/div>\n\n\t\t\t\t<a class=\"wd-fill category-link\" href=\"https:\/\/slovakiamartin.sk\/en\/product-category\/grandmas-kitchen\/\" aria-label=\"Product category grandmas-kitchen\"><\/a>\n\t\t\t<\/div>\n\n\t<\/div>\n\n<div class=\"wd-col category-grid-item wd-cat cat-design-center without-product-count wd-with-subcat product-category product\" data-loop=\"3\">\n\t\n\t<div class=\"wd-cat-inner wrapp-category\">\n\t\t<div class=\"wd-cat-thumb category-image-wrapp\">\n\t\t\t<a class=\"wd-cat-image category-image\" href=\"https:\/\/slovakiamartin.sk\/en\/product-category\/pizza-en\/\" aria-label=\"Pizza\">\n\t\t\t\t\n\t\t\t\t<img loading=\"lazy\" decoding=\"async\" src=\"https:\/\/slovakiamartin.sk\/wp-content\/uploads\/2023\/04\/slovakia.png\" width=\"600\" height=\"600\" class=\"woocommerce-placeholder wp-post-image\" alt=\"Placeholder\" \/>\t\t\t<\/a>\n\t\t<\/div>\n\t\t<div class=\"wd-cat-content hover-mask\">\n\t\t\t<h3 class=\"wd-entities-title\">\n\t\t\t\tPizza\t\t\t<\/h3>\n\n\t\t\t\n\t\t\t\t\t<\/div>\n\n\t\t\t\t<a class=\"wd-fill category-link\" href=\"https:\/\/slovakiamartin.sk\/en\/product-category\/pizza-en\/\" aria-label=\"Product category pizza-en\"><\/a>\n\t\t\t<\/div>\n\n\t<\/div>\n\n<div class=\"wd-col category-grid-item wd-cat cat-design-center without-product-count wd-with-subcat product-category product last\" data-loop=\"4\">\n\t\n\t<div class=\"wd-cat-inner wrapp-category\">\n\t\t<div class=\"wd-cat-thumb category-image-wrapp\">\n\t\t\t<a class=\"wd-cat-image category-image\" href=\"https:\/\/slovakiamartin.sk\/en\/product-category\/daily-menu\/\" aria-label=\"Daily menu\">\n\t\t\t\t\n\t\t\t\t<img loading=\"lazy\" decoding=\"async\" width=\"600\" height=\"600\" src=\"https:\/\/slovakiamartin.sk\/wp-content\/uploads\/2020\/12\/denne-menu-600x600.jpg\" class=\"attachment-woocommerce_thumbnail size-woocommerce_thumbnail\" alt=\"\" srcset=\"https:\/\/slovakiamartin.sk\/wp-content\/uploads\/2020\/12\/denne-menu-600x600.jpg 600w, https:\/\/slovakiamartin.sk\/wp-content\/uploads\/2020\/12\/denne-menu-150x150.jpg 150w\" sizes=\"auto, (max-width: 600px) 100vw, 600px\" \/>\t\t\t<\/a>\n\t\t<\/div>\n\t\t<div class=\"wd-cat-content hover-mask\">\n\t\t\t<h3 class=\"wd-entities-title\">\n\t\t\t\tDaily menu\t\t\t<\/h3>\n\n\t\t\t\n\t\t\t\t\t<\/div>\n\n\t\t\t\t<a class=\"wd-fill category-link\" href=\"https:\/\/slovakiamartin.sk\/en\/product-category\/daily-menu\/\" aria-label=\"Product category daily-menu\"><\/a>\n\t\t\t<\/div>\n\n\t<\/div>\n\n<div class=\"wd-col category-grid-item wd-cat cat-design-center without-product-count wd-with-subcat product-category product first\" data-loop=\"5\">\n\t\n\t<div class=\"wd-cat-inner wrapp-category\">\n\t\t<div class=\"wd-cat-thumb category-image-wrapp\">\n\t\t\t<a class=\"wd-cat-image category-image\" href=\"https:\/\/slovakiamartin.sk\/en\/product-category\/menu-en\/\" aria-label=\"Menu\">\n\t\t\t\t\n\t\t\t\t<img loading=\"lazy\" decoding=\"async\" src=\"https:\/\/slovakiamartin.sk\/wp-content\/uploads\/2023\/04\/slovakia.png\" width=\"600\" height=\"600\" class=\"woocommerce-placeholder wp-post-image\" alt=\"Placeholder\" \/>\t\t\t<\/a>\n\t\t<\/div>\n\t\t<div class=\"wd-cat-content hover-mask\">\n\t\t\t<h3 class=\"wd-entities-title\">\n\t\t\t\tMenu\t\t\t<\/h3>\n\n\t\t\t\n\t\t\t\t\t<\/div>\n\n\t\t\t\t<a class=\"wd-fill category-link\" href=\"https:\/\/slovakiamartin.sk\/en\/product-category\/menu-en\/\" aria-label=\"Product category menu-en\"><\/a>\n\t\t\t<\/div>\n\n\t<\/div>\n\n<div class=\"wd-col category-grid-item wd-cat cat-design-center without-product-count wd-with-subcat product-category product\" data-loop=\"6\">\n\t\n\t<div class=\"wd-cat-inner wrapp-category\">\n\t\t<div class=\"wd-cat-thumb category-image-wrapp\">\n\t\t\t<a class=\"wd-cat-image category-image\" href=\"https:\/\/slovakiamartin.sk\/en\/product-category\/hamburgers\/\" aria-label=\"Hamburgers\">\n\t\t\t\t\n\t\t\t\t<img loading=\"lazy\" decoding=\"async\" src=\"https:\/\/slovakiamartin.sk\/wp-content\/uploads\/2023\/04\/slovakia.png\" width=\"600\" height=\"600\" class=\"woocommerce-placeholder wp-post-image\" alt=\"Placeholder\" \/>\t\t\t<\/a>\n\t\t<\/div>\n\t\t<div class=\"wd-cat-content hover-mask\">\n\t\t\t<h3 class=\"wd-entities-title\">\n\t\t\t\tHamburgers\t\t\t<\/h3>\n\n\t\t\t\n\t\t\t\t\t<\/div>\n\n\t\t\t\t<a class=\"wd-fill category-link\" href=\"https:\/\/slovakiamartin.sk\/en\/product-category\/hamburgers\/\" aria-label=\"Product category hamburgers\"><\/a>\n\t\t\t<\/div>\n\n\t<\/div>\n\t\t\t\t\t<\/div>\n\t\t\t\t<\/div>\n\t\t\t\t[\/vc_column][\/vc_row][vc_row][vc_column][vc_empty_space woodmart_hide_large=&#8221;0&#8243; woodmart_hide_medium=&#8221;0&#8243; woodmart_hide_small=&#8221;0&#8243; woodmart_hide_extra_small=&#8221;0&#8243;][vc_row_inner][vc_column_inner width=&#8221;1\/3&#8243;][\/vc_column_inner][vc_column_inner width=&#8221;1\/3&#8243;][vc_btn title=&#8221;Download DAILY MENU (pdf)&#8221; color=&#8221;primary&#8221; align=&#8221;center&#8221; button_block=&#8221;true&#8221; link=&#8221;url:https%3A%2F%2Fslovakiamartin.sk%2Fmenu-slovakia.pdf|title:daily%20menu|target:_blank|&#8221;][\/vc_column_inner][vc_column_inner width=&#8221;1\/3&#8243;][\/vc_column_inner][\/vc_row_inner][vc_separator border_width=&#8221;2&#8243;][\/vc_column][\/vc_row][vc_row][vc_column width=&#8221;1\/4&#8243;][\/vc_column][vc_column width=&#8221;1\/2&#8243;][\/vc_column][vc_column width=&#8221;1\/4&#8243;][\/vc_column][\/vc_row][vc_row][vc_column width=&#8221;1\/2&#8243;][vc_single_image image=&#8221;11124&#8243; img_size=&#8221;full&#8221; alignment=&#8221;center&#8221; onclick=&#8221;custom_link&#8221; link=&#8221;https:\/\/slovakiamartin.sk\/product-category\/stastne-hodinky\/&#8221; parallax_scroll=&#8221;no&#8221; woodmart_inline=&#8221;no&#8221;][\/vc_column][vc_column width=&#8221;1\/2&#8243;][vc_single_image image=&#8221;11122&#8243; img_size=&#8221;full&#8221; alignment=&#8221;center&#8221; onclick=&#8221;custom_link&#8221; link=&#8221;https:\/\/slovakiamartin.sk\/product-category\/stastne-hodinky\/&#8221; parallax_scroll=&#8221;no&#8221; woodmart_inline=&#8221;no&#8221;][\/vc_column][\/vc_row][vc_row][vc_column width=&#8221;1\/2&#8243;][vc_single_image image=&#8221;11090&#8243; img_size=&#8221;full&#8221; alignment=&#8221;center&#8221; onclick=&#8221;custom_link&#8221; link=&#8221;https:\/\/slovakiamartin.sk\/product-category\/stastne-hodinky\/&#8221; parallax_scroll=&#8221;no&#8221; woodmart_inline=&#8221;no&#8221;][\/vc_column][vc_column width=&#8221;1\/2&#8243;][vc_single_image image=&#8221;11092&#8243; img_size=&#8221;large&#8221; alignment=&#8221;center&#8221; css_animation=&#8221;fadeIn&#8221; parallax_scroll=&#8221;no&#8221; woodmart_inline=&#8221;no&#8221;][\/vc_column][\/vc_row][vc_row][vc_column width=&#8221;1\/2&#8243;][vc_single_image image=&#8221;11099&#8243; img_size=&#8221;full&#8221; alignment=&#8221;center&#8221; css_animation=&#8221;fadeIn&#8221; parallax_scroll=&#8221;no&#8221; woodmart_inline=&#8221;no&#8221;][\/vc_column][vc_column width=&#8221;1\/2&#8243;][vc_single_image image=&#8221;11126&#8243; img_size=&#8221;full&#8221; alignment=&#8221;center&#8221; onclick=&#8221;custom_link&#8221; css_animation=&#8221;fadeIn&#8221; parallax_scroll=&#8221;no&#8221; woodmart_inline=&#8221;no&#8221; link=&#8221;https:\/\/slovakiamartin.sk\/product-category\/stastne-hodinky\/&#8221;][\/vc_column][\/vc_row][vc_row][vc_column][vc_empty_space woodmart_hide_large=&#8221;0&#8243; woodmart_hide_medium=&#8221;0&#8243; woodmart_hide_small=&#8221;0&#8243; woodmart_hide_extra_small=&#8221;0&#8243;][vc_separator border_width=&#8221;2&#8243;][vc_column_text text_larger=&#8221;no&#8221;]<\/p>\n<h1 style=\"text-align: center;\">Opening hours<\/h1>\n<p>[\/vc_column_text][\/vc_column][\/vc_row][vc_row mobile_bg_img_hidden=&#8221;no&#8221; tablet_bg_img_hidden=&#8221;no&#8221; woodmart_parallax=&#8221;0&#8243; woodmart_gradient_switch=&#8221;no&#8221; row_reverse_mobile=&#8221;0&#8243; row_reverse_tablet=&#8221;0&#8243; woodmart_disable_overflow=&#8221;0&#8243;][vc_column width=&#8221;2\/5&#8243;][vc_column_text text_larger=&#8221;no&#8221; woodmart_inline=&#8221;no&#8221;]<\/p>\n<h2 style=\"text-align: center;\">Restaurant<\/h2>\n<h4 style=\"text-align: center;\">Monday &#8211; Saturday<\/h4>\n<p style=\"text-align: center;\">09:00 &#8211; 21:00 \/ Delivery 10:00 &#8211; 20:30<\/p>\n<h4 style=\"text-align: center;\">Sunday<\/h4>\n<p style=\"text-align: center;\">11:00 &#8211; 21:00 \/ Delivery 11:00 &#8211; 20:30<\/p>\n<p>[\/vc_column_text][\/vc_column][vc_column width=&#8221;1\/5&#8243;][vc_single_image image=&#8221;10968&#8243; img_size=&#8221;full&#8221; alignment=&#8221;center&#8221; parallax_scroll=&#8221;no&#8221;][\/vc_column][vc_column width=&#8221;2\/5&#8243;][vc_column_text text_larger=&#8221;no&#8221; woodmart_inline=&#8221;no&#8221;]<\/p>\n<h2 style=\"text-align: center;\">Baby Centre<\/h2>\n<h4 style=\"text-align: center;\">Monday &#8211; Sunday<\/h4>\n<p style=\"text-align: center;\">Restaurant &#8211; weekend<\/p>\n<h2 style=\"text-align: center;\">Year-round rear terrace<\/h2>\n<h4 style=\"text-align: center;\">Monday &#8211; Sunday<\/h4>\n<p style=\"text-align: center;\">09:00 &#8211; 21:00<\/p>\n<p>[\/vc_column_text][\/vc_column][\/vc_row]<\/p>\n<\/div>","protected":false},"excerpt":{"rendered":"<p>[vc_row css=&#8221;.vc_custom_1563802617280{margin-bottom: 8vh !important;}&#8221; mobile_bg_img_hidden=&#8221;no&#8221; tablet_bg_img_hidden=&#8221;no&#8221; woodmart_parallax=&#8221;0&#8243; woodmart_gradient_switch=&#8221;no&#8221; row_reverse_mobile=&#8221;0&#8243; row_reverse_tablet=&#8221;0&#8243; woodmart_disable_overflow=&#8221;0&#8243;][vc_column css=&#8221;.vc_custom_1563802622828{padding-top: 0px !important;}&#8221; mobile_bg_img_hidden=&#8221;no&#8221; tablet_bg_img_hidden=&#8221;no&#8221; woodmart_parallax=&#8221;0&#8243; woodmart_sticky_column=&#8221;false&#8221; parallax_scroll=&#8221;no&#8221; mobile_reset_margin=&#8221;no&#8221;<\/p>\n","protected":false},"author":1,"featured_media":0,"parent":0,"menu_order":0,"comment_status":"closed","ping_status":"closed","template":"","meta":{"footnotes":""},"class_list":["post-11154","page","type-page","status-publish","hentry"],"_links":{"self":[{"href":"https:\/\/slovakiamartin.sk\/en\/wp-json\/wp\/v2\/pages\/11154","targetHints":{"allow":["GET"]}}],"collection":[{"href":"https:\/\/slovakiamartin.sk\/en\/wp-json\/wp\/v2\/pages"}],"about":[{"href":"https:\/\/slovakiamartin.sk\/en\/wp-json\/wp\/v2\/types\/page"}],"author":[{"embeddable":true,"href":"https:\/\/slovakiamartin.sk\/en\/wp-json\/wp\/v2\/users\/1"}],"replies":[{"embeddable":true,"href":"https:\/\/slovakiamartin.sk\/en\/wp-json\/wp\/v2\/comments?post=11154"}],"version-history":[{"count":14,"href":"https:\/\/slovakiamartin.sk\/en\/wp-json\/wp\/v2\/pages\/11154\/revisions"}],"predecessor-version":[{"id":11420,"href":"https:\/\/slovakiamartin.sk\/en\/wp-json\/wp\/v2\/pages\/11154\/revisions\/11420"}],"wp:attachment":[{"href":"https:\/\/slovakiamartin.sk\/en\/wp-json\/wp\/v2\/media?parent=11154"}],"curies":[{"name":"wp","href":"https:\/\/api.w.org\/{rel}","templated":true}]}}